{"id":34,"date":"2025-07-16T09:48:53","date_gmt":"2025-07-16T09:48:53","guid":{"rendered":"http:\/\/scm-msp-lillebonne.fr\/?page_id=34"},"modified":"2025-07-25T08:13:25","modified_gmt":"2025-07-25T08:13:25","slug":"cgu-mentions-legales","status":"publish","type":"page","link":"https:\/\/scm-msp-lillebonne.fr\/?page_id=34","title":{"rendered":"CGU &amp; Mentions l\u00e9gales"},"content":{"rendered":"\t\t<div data-elementor-type=\"wp-page\" data-elementor-id=\"34\" class=\"elementor elementor-34\">\n\t\t\t\t<div class=\"elementor-element elementor-element-cce5f1a e-flex e-con-boxed e-con e-parent\" data-id=\"cce5f1a\" data-element_type=\"container\">\n\t\t\t\t\t<div class=\"e-con-inner\">\n\t\t\t\t<div class=\"elementor-element elementor-element-7c58c84 elementor-widget elementor-widget-text-editor\" data-id=\"7c58c84\" data-element_type=\"widget\" data-widget_type=\"text-editor.default\">\n\t\t\t\t\t\t\t\t\t<p>L\u2019adresse de notre site Web est\u00a0:\u00a0 <a href=\"https:\/\/scm-msp-lillebonne.fr\">https:\/\/scm-msp-lillebonne.fr<\/a><\/p><h3><strong>Cookies<\/strong><\/h3><p>Lorsque vous vous connecterez, nous mettrons en place un certain nombre de cookies pour enregistrer vos informations de connexion et vos pr\u00e9f\u00e9rences d\u2019\u00e9cran. La dur\u00e9e de vie d\u2019un cookie de connexion est de deux jours, celle d\u2019un cookie d\u2019option d\u2019\u00e9cran est d\u2019un an. Si vous cochez \u00ab\u00a0Se souvenir de moi\u00a0\u00bb, votre cookie de connexion sera conserv\u00e9 pendant deux semaines. Si vous vous d\u00e9connectez de votre compte, le cookie de connexion sera effac\u00e9.<\/p><h3><strong>Contenu embarqu\u00e9 depuis d\u2019autres sites<\/strong><\/h3><p>Les articles de ce site peuvent inclure des contenus int\u00e9gr\u00e9s (par exemple des vid\u00e9os, images, articles\u2026). Le contenu int\u00e9gr\u00e9 depuis d\u2019autres sites se comporte de la m\u00eame mani\u00e8re que si le visiteur se rendait sur cet autre site.<\/p><p>Ces sites web pourraient collecter des donn\u00e9es sur vous, utiliser des cookies, embarquer des outils de suivis tiers, suivre vos interactions avec ces contenus embarqu\u00e9s si vous disposez d\u2019un compte connect\u00e9 sur leur site web.<\/p><h3><strong>Mentions l\u00e9gales<\/strong><\/h3><p>En vertu de\u00a0<a href=\"https:\/\/www.legifrance.gouv.fr\/affichTexte.do?cidTexte=JORFTEXT000000801164#LEGIARTI000042038977\">l\u2019article 6 de la loi n\u00b0 2004-575 du 21 juin 2004<\/a>\u00a0pour la confiance dans l\u2019\u00e9conomie num\u00e9rique, il est pr\u00e9cis\u00e9 aux utilisateurs du site internet\u00a0<a href=\"http:\/\/vivreensemblecheznous.fr\">https:\/\/scm-msp-lillebonne.fr<\/a>\u00a0l\u2019identit\u00e9 des diff\u00e9rents intervenants dans le cadre de sa r\u00e9alisation et de son suivi :<\/p><p><strong>Propri\u00e9taire du site :\u00a0<\/strong>SCM MSP LILLEBONNE \u2013 SAINT-ARNOULT L\u00e9a\u00a0\u2013 Contact :\u00a0<a href=\"mailto:gerance@scm-msp-lillebonne.fr\">gerance@scm-msp-lillebonne.fr<\/a>. \u2013\u00a006.11.98.04.83\u00a0\u2013 27 rue du Havre 76\u00a0170 LILLEBONNE<\/p><p><strong>Identification de l\u2019entit\u00e9 :<\/strong>\u00a0SCM MSP LILLEBONNE \u2013 SIRET : 640\u00a0410\u00a0152 \u2013 27 rue du Havre 76\u00a0170 LILLEBONNE<\/p><p><strong>Directeur de la publication :\u00a0<\/strong><\/p><p>SAINT-ARNOULT L\u00e9a\u00a0\u2013 Contact :\u00a0<a href=\"mailto:gerance@scm-msp-lillebonne.fr\">gerance@scm-msp-lillebonne.fr<\/a>.<\/p><p><strong>H\u00e9bergeur :<\/strong>\u00a0OVH SAS \u2013 2 rue Kellermann \u2013 BP 80157 \u2013 59053 Roubaix Cedex 1 \u2013 T\u00e9l\u00e9phone : 1007<\/p><p>SIRET\u00a0: 80932929500012 \u2013 Num\u00e9ro d\u2019identification \u00e0 la TVA :\u00a0FR06809329295<\/p><p><strong>Pr\u00e9sentation<\/strong><\/p><p>scm-msp-lillebonne.fr est un site d\u2019informations proposant aux utilisateurs des fiches techniques afin de renseigner les patients ou futurs patients.<\/p><p>L\u2019ensemble du contenu figurant sur ce site est propos\u00e9 gratuitement et ne peut en aucun cas engager la responsabilit\u00e9 de ses auteurs et de l\u2019entreprise.<\/p><p><strong>Donn\u00e9es personnelles<\/strong><\/p><p>Conform\u00e9ment aux dispositions de\u00a0<a href=\"about:blank\">la loi 78-17 du 6 janvier 1978 modifi\u00e9e<\/a>, l\u2019utilisateur du site\u00a0<a href=\"https:\/\/scm-msp-lillebonne.fr\">https:\/\/scm-msp-lillebonne.fr<\/a> dispose d\u2019un droit d\u2019acc\u00e8s, de modification et de suppression des informations collect\u00e9es.<\/p><p><strong>Propri\u00e9t\u00e9 intellectuelle\u00a0\u2013 Droits d\u2019auteurs<\/strong><\/p><p>SCM MSP LILLEBONNE est propri\u00e9taire des droits de propri\u00e9t\u00e9 intellectuelle et d\u00e9tient les droits d\u2019usage sur tous les \u00e9l\u00e9ments accessibles sur le site internet, notamment les textes, images, graphismes, logos, vid\u00e9os, architecture, ic\u00f4nes et sons.<\/p><p>Toute reproduction, repr\u00e9sentation, modification, publication, adaptation de tout ou partie des \u00e9l\u00e9ments du site, quel que soit le moyen ou le proc\u00e9d\u00e9 utilis\u00e9, est interdite, sauf autorisation \u00e9crite pr\u00e9alable du pr\u00e9sident de la SCM MSP LILLEBONNE.<\/p><p>Toute exploitation non autoris\u00e9e du site ou de l\u2019un quelconque des \u00e9l\u00e9ments qu\u2019il contient sera consid\u00e9r\u00e9e comme constitutive d\u2019une contrefa\u00e7on et poursuivie conform\u00e9ment aux dispositions des articles\u00a0<a href=\"https:\/\/www.legifrance.gouv.fr\/affichCodeArticle.do?idArticle=LEGIARTI000032655082&amp;cidTexte=LEGITEXT000006069414&amp;dateTexte=20160605\">L.335-2 et suivants du Code de Propri\u00e9t\u00e9 Intellectuelle<\/a>.<\/p><p><strong>Liens hypertextes<\/strong><\/p><p>Les liens hypertextes pr\u00e9sents dans le site scm-msp-lillebonne.fr ne sauraient engager la responsabilit\u00e9 de l\u2019entreprise.<\/p>\t\t\t\t\t\t\t\t<\/div>\n\t\t\t\t\t<\/div>\n\t\t\t\t<\/div>\n\t\t\t\t<\/div>\n\t\t","protected":false},"excerpt":{"rendered":"<p>L\u2019adresse de notre site Web est\u00a0:\u00a0 https:\/\/scm-msp-lillebonne.fr Cookies Lorsque vous vous connecterez, nous mettrons en place un certain nombre de cookies pour enregistrer vos informations de connexion et vos pr\u00e9f\u00e9rences d\u2019\u00e9cran. La dur\u00e9e de vie d\u2019un cookie de connexion est de deux jours, celle d\u2019un cookie d\u2019option d\u2019\u00e9cran est d\u2019un an. Si vous cochez \u00ab\u00a0Se [&hellip;]<\/p>\n","protected":false},"author":1,"featured_media":0,"parent":0,"menu_order":0,"comment_status":"closed","ping_status":"closed","template":"","meta":{"footnotes":""},"class_list":["post-34","page","type-page","status-publish","hentry"],"_links":{"self":[{"href":"https:\/\/scm-msp-lillebonne.fr\/index.php?rest_route=\/wp\/v2\/pages\/34","targetHints":{"allow":["GET"]}}],"collection":[{"href":"https:\/\/scm-msp-lillebonne.fr\/index.php?rest_route=\/wp\/v2\/pages"}],"about":[{"href":"https:\/\/scm-msp-lillebonne.fr\/index.php?rest_route=\/wp\/v2\/types\/page"}],"author":[{"embeddable":true,"href":"https:\/\/scm-msp-lillebonne.fr\/index.php?rest_route=\/wp\/v2\/users\/1"}],"replies":[{"embeddable":true,"href":"https:\/\/scm-msp-lillebonne.fr\/index.php?rest_route=%2Fwp%2Fv2%2Fcomments&post=34"}],"version-history":[{"count":8,"href":"https:\/\/scm-msp-lillebonne.fr\/index.php?rest_route=\/wp\/v2\/pages\/34\/revisions"}],"predecessor-version":[{"id":577,"href":"https:\/\/scm-msp-lillebonne.fr\/index.php?rest_route=\/wp\/v2\/pages\/34\/revisions\/577"}],"wp:attachment":[{"href":"https:\/\/scm-msp-lillebonne.fr\/index.php?rest_route=%2Fwp%2Fv2%2Fmedia&parent=34"}],"curies":[{"name":"wp","href":"https:\/\/api.w.org\/{rel}","templated":true}]}}