{"id":27,"date":"2025-07-16T09:44:24","date_gmt":"2025-07-16T09:44:24","guid":{"rendered":"http:\/\/scm-msp-lillebonne.fr\/?page_id=27"},"modified":"2026-01-13T11:59:19","modified_gmt":"2026-01-13T11:59:19","slug":"ostheopathie","status":"publish","type":"page","link":"https:\/\/scm-msp-lillebonne.fr\/?page_id=27","title":{"rendered":"OSTEOPATHIE"},"content":{"rendered":"\t\t<div data-elementor-type=\"wp-page\" data-elementor-id=\"27\" class=\"elementor elementor-27\">\n\t\t\t\t<div class=\"elementor-element elementor-element-3770c5d e-flex e-con-boxed e-con e-parent\" data-id=\"3770c5d\" data-element_type=\"container\">\n\t\t\t\t\t<div class=\"e-con-inner\">\n\t\t\t\t<div class=\"elementor-element elementor-element-86fa14a elementor-widget elementor-widget-image\" data-id=\"86fa14a\" data-element_type=\"widget\" data-widget_type=\"image.default\">\n\t\t\t\t\t\t\t\t\t\t\t\t\t\t\t<img fetchpriority=\"high\" decoding=\"async\" width=\"648\" height=\"251\" src=\"https:\/\/scm-msp-lillebonne.fr\/wp-content\/uploads\/2025\/07\/rdvOsteo-1.png\" class=\"attachment-large size-large wp-image-239\" alt=\"\" srcset=\"https:\/\/scm-msp-lillebonne.fr\/wp-content\/uploads\/2025\/07\/rdvOsteo-1.png 648w, https:\/\/scm-msp-lillebonne.fr\/wp-content\/uploads\/2025\/07\/rdvOsteo-1-300x116.png 300w\" sizes=\"(max-width: 648px) 100vw, 648px\" \/>\t\t\t\t\t\t\t\t\t\t\t\t\t\t\t<\/div>\n\t\t\t\t\t<\/div>\n\t\t\t\t<\/div>\n\t\t<div class=\"elementor-element elementor-element-40d5708 e-flex e-con-boxed e-con e-parent\" data-id=\"40d5708\" data-element_type=\"container\">\n\t\t\t\t\t<div class=\"e-con-inner\">\n\t\t\t\t<div class=\"elementor-element elementor-element-87955ed elementor-widget elementor-widget-heading\" data-id=\"87955ed\" data-element_type=\"widget\" data-widget_type=\"heading.default\">\n\t\t\t\t\t<h2 class=\"elementor-heading-title elementor-size-default\">L'acc\u00e8s au cabinet d'ost\u00e9opathie est situ\u00e9 au 27 rue du Havre.<\/h2>\t\t\t\t<\/div>\n\t\t\t\t\t<\/div>\n\t\t\t\t<\/div>\n\t\t<div class=\"elementor-element elementor-element-e48b254 e-flex e-con-boxed e-con e-parent\" data-id=\"e48b254\" data-element_type=\"container\">\n\t\t\t\t\t<div class=\"e-con-inner\">\n\t\t\t\t<div class=\"elementor-element elementor-element-8a80727 elementor-widget elementor-widget-image\" data-id=\"8a80727\" data-element_type=\"widget\" data-widget_type=\"image.default\">\n\t\t\t\t\t\t\t\t\t\t\t\t\t\t\t<img decoding=\"async\" width=\"48\" height=\"48\" src=\"https:\/\/scm-msp-lillebonne.fr\/wp-content\/uploads\/2025\/07\/icone-osteo.png\" class=\"attachment-large size-large wp-image-164\" alt=\"\" \/>\t\t\t\t\t\t\t\t\t\t\t\t\t\t\t<\/div>\n\t\t\t\t<div class=\"elementor-element elementor-element-fe205e2 elementor-widget elementor-widget-heading\" data-id=\"fe205e2\" data-element_type=\"widget\" data-widget_type=\"heading.default\">\n\t\t\t\t\t<h2 class=\"elementor-heading-title elementor-size-default\">Ost\u00e9opathes<\/h2>\t\t\t\t<\/div>\n\t\t\t\t\t<\/div>\n\t\t\t\t<\/div>\n\t\t<div class=\"elementor-element elementor-element-d37154e e-flex e-con-boxed e-con e-parent\" data-id=\"d37154e\" data-element_type=\"container\">\n\t\t\t\t\t<div class=\"e-con-inner\">\n\t\t\t\t<div class=\"elementor-element elementor-element-9fba6d0 elementor-widget__width-initial elementor-widget elementor-widget-image\" data-id=\"9fba6d0\" data-element_type=\"widget\" data-widget_type=\"image.default\">\n\t\t\t\t\t\t\t\t\t\t\t\t\t\t\t<img decoding=\"async\" width=\"200\" height=\"200\" src=\"https:\/\/scm-msp-lillebonne.fr\/wp-content\/uploads\/2025\/10\/Vignette-Capucine-Chapelier-Dehesdin-1.png\" class=\"attachment-large size-large wp-image-720\" alt=\"\" srcset=\"https:\/\/scm-msp-lillebonne.fr\/wp-content\/uploads\/2025\/10\/Vignette-Capucine-Chapelier-Dehesdin-1.png 200w, https:\/\/scm-msp-lillebonne.fr\/wp-content\/uploads\/2025\/10\/Vignette-Capucine-Chapelier-Dehesdin-1-150x150.png 150w\" sizes=\"(max-width: 200px) 100vw, 200px\" \/>\t\t\t\t\t\t\t\t\t\t\t\t\t\t\t<\/div>\n\t\t<div class=\"elementor-element elementor-element-5967203 e-con-full e-flex e-con e-child\" data-id=\"5967203\" data-element_type=\"container\">\n\t\t\t\t<div class=\"elementor-element elementor-element-3a113da elementor-widget elementor-widget-heading\" data-id=\"3a113da\" data-element_type=\"widget\" data-widget_type=\"heading.default\">\n\t\t\t\t\t<h2 class=\"elementor-heading-title elementor-size-default\">CHAPELIER-DEHESDIN Capucine<\/h2>\t\t\t\t<\/div>\n\t\t\t\t<div class=\"elementor-element elementor-element-c189efc elementor-widget elementor-widget-text-editor\" data-id=\"c189efc\" data-element_type=\"widget\" data-widget_type=\"text-editor.default\">\n\t\t\t\t\t\t\t\t\t<h4><strong>N\u00b0001 &#8211; rdc<\/strong><\/h4>\t\t\t\t\t\t\t\t<\/div>\n\t\t\t\t<div class=\"elementor-element elementor-element-992a1b5 elementor-widget elementor-widget-text-editor\" data-id=\"992a1b5\" data-element_type=\"widget\" data-widget_type=\"text-editor.default\">\n\t\t\t\t\t\t\t\t\t<p dir=\"auto\">Consultation en fran\u00e7ais ou en anglais, dipl\u00f4m\u00e9e en 2007 du C.I.D.O ( Coll\u00e8ge International D\u2019Ost\u00e9opathie) St \u00c9tienne &#8211; E.S.O (European School of Osteopathy) Maidstone (Uk).\u00a0<\/p><p dir=\"auto\">\u00a0Ost\u00e9opathie pour adulte &amp; enfant, techniques dites \u201cdouces\u201d tissulaire, myofasciale, craniosacr\u00e9e et fonctionnelle, sp\u00e9cialis\u00e9e ost\u00e9opathie p\u00e9diatrique et Sant\u00e9 de la Femme (Molinari Health Institute).<\/p><p dir=\"auto\">Membre Actif de la SEROPP (Soci\u00e9t\u00e9 Europ\u00e9enne de Recherche en Ost\u00e9opathie P\u00e9rinatale et P\u00e9diatrique; 18 ans d\u2019exp\u00e9rience: cabinet pr\u00e9c\u00e9dent \u00e0 Londres et cliniques pluridisciplinaires (High Street Kensington, Fulham, Chelsea, Victoria Park) , dipl\u00f4me: D.O (France) + dipl\u00f4me europ\u00e9en : BSc (Hons) Ost.<\/p><p><strong>Prenez rendez-vous au :<\/strong><\/p><p><strong>T\u00e9l : 07.87.35.01.84<\/strong><\/p>\t\t\t\t\t\t\t\t<\/div>\n\t\t\t\t<\/div>\n\t\t\t\t\t<\/div>\n\t\t\t\t<\/div>\n\t\t<div class=\"elementor-element elementor-element-3e5c356 e-flex e-con-boxed e-con e-parent\" data-id=\"3e5c356\" data-element_type=\"container\">\n\t\t\t\t\t<div class=\"e-con-inner\">\n\t\t\t\t<div class=\"elementor-element elementor-element-d620d69 elementor-widget__width-initial elementor-widget elementor-widget-image\" data-id=\"d620d69\" data-element_type=\"widget\" data-widget_type=\"image.default\">\n\t\t\t\t\t\t\t\t\t\t\t\t\t\t\t<img loading=\"lazy\" decoding=\"async\" width=\"200\" height=\"200\" src=\"https:\/\/scm-msp-lillebonne.fr\/wp-content\/uploads\/2026\/01\/Vignette-Guillaume-Burgade.png\" class=\"attachment-2048x2048 size-2048x2048 wp-image-815\" alt=\"\" srcset=\"https:\/\/scm-msp-lillebonne.fr\/wp-content\/uploads\/2026\/01\/Vignette-Guillaume-Burgade.png 200w, https:\/\/scm-msp-lillebonne.fr\/wp-content\/uploads\/2026\/01\/Vignette-Guillaume-Burgade-150x150.png 150w\" sizes=\"(max-width: 200px) 100vw, 200px\" \/>\t\t\t\t\t\t\t\t\t\t\t\t\t\t\t<\/div>\n\t\t<div class=\"elementor-element elementor-element-89e103a e-con-full e-flex e-con e-child\" data-id=\"89e103a\" data-element_type=\"container\">\n\t\t\t\t<div class=\"elementor-element elementor-element-5f519aa elementor-widget elementor-widget-heading\" data-id=\"5f519aa\" data-element_type=\"widget\" data-widget_type=\"heading.default\">\n\t\t\t\t\t<h2 class=\"elementor-heading-title elementor-size-default\">BURGADE Guillaume<\/h2>\t\t\t\t<\/div>\n\t\t\t\t<div class=\"elementor-element elementor-element-a3e2f54 elementor-widget elementor-widget-text-editor\" data-id=\"a3e2f54\" data-element_type=\"widget\" data-widget_type=\"text-editor.default\">\n\t\t\t\t\t\t\t\t\t<h4><strong>N\u00b0002 &#8211; rdc<\/strong><\/h4>\t\t\t\t\t\t\t\t<\/div>\n\t\t\t\t<div class=\"elementor-element elementor-element-770b90a elementor-widget elementor-widget-text-editor\" data-id=\"770b90a\" data-element_type=\"widget\" data-widget_type=\"text-editor.default\">\n\t\t\t\t\t\t\t\t\t<p><strong>Prenez rendez-vous au :<\/strong><\/p><p><strong>T\u00e9l : 02.76.36.07.36<\/strong><\/p>\t\t\t\t\t\t\t\t<\/div>\n\t\t\t\t<\/div>\n\t\t\t\t\t<\/div>\n\t\t\t\t<\/div>\n\t\t\t\t<\/div>\n\t\t","protected":false},"excerpt":{"rendered":"<p>L&#8217;acc\u00e8s au cabinet d&#8217;ost\u00e9opathie est situ\u00e9 au 27 rue du Havre. Ost\u00e9opathes CHAPELIER-DEHESDIN Capucine N\u00b0001 &#8211; rdc Consultation en fran\u00e7ais ou en anglais, dipl\u00f4m\u00e9e en 2007 du C.I.D.O ( Coll\u00e8ge International D\u2019Ost\u00e9opathie) St \u00c9tienne &#8211; E.S.O (European School of Osteopathy) Maidstone (Uk).\u00a0 \u00a0Ost\u00e9opathie pour adulte &amp; enfant, techniques dites \u201cdouces\u201d tissulaire, myofasciale, craniosacr\u00e9e et fonctionnelle, [&hellip;]<\/p>\n","protected":false},"author":1,"featured_media":0,"parent":0,"menu_order":0,"comment_status":"closed","ping_status":"closed","template":"","meta":{"footnotes":""},"class_list":["post-27","page","type-page","status-publish","hentry"],"_links":{"self":[{"href":"https:\/\/scm-msp-lillebonne.fr\/index.php?rest_route=\/wp\/v2\/pages\/27","targetHints":{"allow":["GET"]}}],"collection":[{"href":"https:\/\/scm-msp-lillebonne.fr\/index.php?rest_route=\/wp\/v2\/pages"}],"about":[{"href":"https:\/\/scm-msp-lillebonne.fr\/index.php?rest_route=\/wp\/v2\/types\/page"}],"author":[{"embeddable":true,"href":"https:\/\/scm-msp-lillebonne.fr\/index.php?rest_route=\/wp\/v2\/users\/1"}],"replies":[{"embeddable":true,"href":"https:\/\/scm-msp-lillebonne.fr\/index.php?rest_route=%2Fwp%2Fv2%2Fcomments&post=27"}],"version-history":[{"count":110,"href":"https:\/\/scm-msp-lillebonne.fr\/index.php?rest_route=\/wp\/v2\/pages\/27\/revisions"}],"predecessor-version":[{"id":818,"href":"https:\/\/scm-msp-lillebonne.fr\/index.php?rest_route=\/wp\/v2\/pages\/27\/revisions\/818"}],"wp:attachment":[{"href":"https:\/\/scm-msp-lillebonne.fr\/index.php?rest_route=%2Fwp%2Fv2%2Fmedia&parent=27"}],"curies":[{"name":"wp","href":"https:\/\/api.w.org\/{rel}","templated":true}]}}