{"id":23,"date":"2025-07-16T09:43:23","date_gmt":"2025-07-16T09:43:23","guid":{"rendered":"http:\/\/scm-msp-lillebonne.fr\/?page_id=23"},"modified":"2026-04-10T13:04:39","modified_gmt":"2026-04-10T13:04:39","slug":"la-maison-de-sante","status":"publish","type":"page","link":"https:\/\/scm-msp-lillebonne.fr\/","title":{"rendered":"LA MAISON DE SANTE"},"content":{"rendered":"\t\t<div data-elementor-type=\"wp-page\" data-elementor-id=\"23\" class=\"elementor elementor-23\">\n\t\t\t\t<div class=\"elementor-element elementor-element-a9a2699 e-flex e-con-boxed e-con e-parent\" data-id=\"a9a2699\" data-element_type=\"container\">\n\t\t\t\t\t<div class=\"e-con-inner\">\n\t\t\t\t<div class=\"elementor-element elementor-element-b2abde4 elementor-widget elementor-widget-image\" data-id=\"b2abde4\" data-element_type=\"widget\" data-widget_type=\"image.default\">\n\t\t\t\t\t\t\t\t\t\t\t\t\t\t\t<img fetchpriority=\"high\" decoding=\"async\" width=\"1134\" height=\"375\" src=\"https:\/\/scm-msp-lillebonne.fr\/wp-content\/uploads\/2025\/07\/MSPLillebonne.png\" class=\"attachment-full size-full wp-image-107\" alt=\"\" srcset=\"https:\/\/scm-msp-lillebonne.fr\/wp-content\/uploads\/2025\/07\/MSPLillebonne.png 1134w, https:\/\/scm-msp-lillebonne.fr\/wp-content\/uploads\/2025\/07\/MSPLillebonne-300x99.png 300w, https:\/\/scm-msp-lillebonne.fr\/wp-content\/uploads\/2025\/07\/MSPLillebonne-1024x339.png 1024w, https:\/\/scm-msp-lillebonne.fr\/wp-content\/uploads\/2025\/07\/MSPLillebonne-768x254.png 768w\" sizes=\"(max-width: 1134px) 100vw, 1134px\" \/>\t\t\t\t\t\t\t\t\t\t\t\t\t\t\t<\/div>\n\t\t\t\t\t<\/div>\n\t\t\t\t<\/div>\n\t\t<div class=\"elementor-element elementor-element-dce7b6a e-flex e-con-boxed e-con e-parent\" data-id=\"dce7b6a\" data-element_type=\"container\">\n\t\t\t\t\t<div class=\"e-con-inner\">\n\t\t<div class=\"elementor-element elementor-element-ed2f334 e-con-full e-flex e-con e-child\" data-id=\"ed2f334\" data-element_type=\"container\">\n\t\t\t\t<div class=\"elementor-element elementor-element-a5f1176 elementor-widget__width-initial elementor-widget elementor-widget-text-editor\" data-id=\"a5f1176\" data-element_type=\"widget\" data-widget_type=\"text-editor.default\">\n\t\t\t\t\t\t\t\t\t<h3><strong>Depuis le 1er OCTOBRE 2025, 27 professionnels de sant\u00e9 vous accueillent en entr\u00e9e de ville dans un espace compos\u00e9 de 28 cabinets m\u00e9dicaux et param\u00e9dicaux ainsi qu&#8217;une salle de t\u00e9l\u00e9m\u00e9decine.<\/strong><\/h3>\t\t\t\t\t\t\t\t<\/div>\n\t\t\t\t<\/div>\n\t\t\t\t<div class=\"elementor-element elementor-element-69979ba elementor-widget elementor-widget-image\" data-id=\"69979ba\" data-element_type=\"widget\" data-widget_type=\"image.default\">\n\t\t\t\t\t\t\t\t\t\t\t\t\t\t\t<img decoding=\"async\" width=\"171\" height=\"251\" src=\"https:\/\/scm-msp-lillebonne.fr\/wp-content\/uploads\/2025\/07\/Porte-document.png\" class=\"attachment-large size-large wp-image-279\" alt=\"\" \/>\t\t\t\t\t\t\t\t\t\t\t\t\t\t\t<\/div>\n\t\t\t\t<div class=\"elementor-element elementor-element-75d15cc elementor-widget elementor-widget-image\" data-id=\"75d15cc\" data-element_type=\"widget\" data-widget_type=\"image.default\">\n\t\t\t\t\t\t\t\t\t\t\t\t\t\t\t<img decoding=\"async\" width=\"227\" height=\"251\" src=\"https:\/\/scm-msp-lillebonne.fr\/wp-content\/uploads\/2025\/07\/Perso-Porte-document.png\" class=\"attachment-large size-large wp-image-284\" alt=\"\" \/>\t\t\t\t\t\t\t\t\t\t\t\t\t\t\t<\/div>\n\t\t\t\t\t<\/div>\n\t\t\t\t<\/div>\n\t\t<div class=\"elementor-element elementor-element-285d185 e-flex e-con-boxed e-con e-parent\" data-id=\"285d185\" data-element_type=\"container\">\n\t\t\t\t\t<div class=\"e-con-inner\">\n\t\t\t\t<div class=\"elementor-element elementor-element-dbd3385 elementor-widget__width-initial elementor-widget-mobile__width-initial elementor-widget elementor-widget-text-editor\" data-id=\"dbd3385\" data-element_type=\"widget\" data-widget_type=\"text-editor.default\">\n\t\t\t\t\t\t\t\t\t<h3><a href=\"https:\/\/scm-msp-lillebonne.fr\/?page_id=11\"><span style=\"text-decoration: underline;\">P\u00f4le M\u00e9dical<\/span><\/a><\/h3><p><strong>3 M\u00e9decins G\u00e9n\u00e9ralistes<\/strong><\/p><p><strong>1 Ophtalmologiste<\/strong><\/p><p><strong>2 Chirurgiens-Dentistes<\/strong><\/p><p><strong>1 Sage femme<\/strong><\/p>\t\t\t\t\t\t\t\t<\/div>\n\t\t\t\t<div class=\"elementor-element elementor-element-37b0ce5 elementor-widget__width-initial elementor-widget-mobile__width-initial elementor-widget elementor-widget-text-editor\" data-id=\"37b0ce5\" data-element_type=\"widget\" data-widget_type=\"text-editor.default\">\n\t\t\t\t\t\t\t\t\t<h3><a href=\"https:\/\/scm-msp-lillebonne.fr\/?page_id=25\"><span style=\"text-decoration: underline;\">P\u00f4le Param\u00e9dical<\/span><\/a><\/h3><p><strong>1 Orthoptiste<\/strong><\/p><p><strong>1 Podologue-P\u00e9dicure<\/strong><\/p><p><strong>2 Psychomotriciennes<\/strong><\/p><p><strong>1 Orthophoniste<\/strong><\/p><p><strong>1 Nutritionniste-Di\u00e9t\u00e9ticienne<\/strong><\/p><p><strong>8 Infirmier-Infirmi\u00e8res r\u00e9partis sur 3 cabinets<\/strong><\/p><p><strong>4 Masseur-Kin\u00e9sith\u00e9rapeutes<\/strong><\/p><p><strong>1 Masseur-Kin\u00e9-Ost\u00e9opathe<\/strong><\/p>\t\t\t\t\t\t\t\t<\/div>\n\t\t\t\t<div class=\"elementor-element elementor-element-ac0f162 elementor-widget__width-initial elementor-widget-mobile__width-initial elementor-widget elementor-widget-text-editor\" data-id=\"ac0f162\" data-element_type=\"widget\" data-widget_type=\"text-editor.default\">\n\t\t\t\t\t\t\t\t\t<h3><a href=\"https:\/\/scm-msp-lillebonne.fr\/?page_id=27\"><span style=\"text-decoration: underline;\">P\u00f4le Ost\u00e9opathie<\/span><\/a><\/h3><p><strong>2 Ost\u00e9opathes<\/strong><\/p><h3>\u00a0<\/h3><h3>\u00a0<\/h3><h3><span style=\"text-decoration: underline;\">Num\u00e9ros d&#8217;urgence<\/span><\/h3><p><strong>SAMU : 15<\/strong><\/p><p><strong>M\u00c9DECIN DE GARDE : 116 117<\/strong><\/p><p><strong>PHARMACIE DE GARDE : <\/strong><a href=\"https:\/\/www.3237.fr\/\" target=\"_blank\" rel=\"noopener\"><span style=\"text-decoration: underline;\">3237.fr<\/span><\/a><\/p><p><strong>DENTISTE DE GARDE : Lien valable uniquement les dimanches et jours f\u00e9ri\u00e9s<\/strong><strong>\u00a0<\/strong><a href=\"https:\/\/chirurgiens-dentistes-seine-maritime.fr\/service-de-garde\" target=\"_blank\" rel=\"noopener\"><span style=\"text-decoration: underline;\">Dentiste de garde<\/span><\/a><\/p>\t\t\t\t\t\t\t\t<\/div>\n\t\t\t\t\t<\/div>\n\t\t\t\t<\/div>\n\t\t<div class=\"elementor-element elementor-element-37ddc8d e-flex e-con-boxed e-con e-parent\" data-id=\"37ddc8d\" data-element_type=\"container\">\n\t\t\t\t\t<div class=\"e-con-inner\">\n\t\t\t\t<div class=\"elementor-element elementor-element-10c51b5 elementor-widget elementor-widget-google_maps\" data-id=\"10c51b5\" data-element_type=\"widget\" data-widget_type=\"google_maps.default\">\n\t\t\t\t\t\t\t<div class=\"elementor-custom-embed\">\n\t\t\t<iframe loading=\"lazy\"\n\t\t\t\t\tsrc=\"https:\/\/maps.google.com\/maps?q=27%20Rue%20du%20Havre%2C%2076170%20LILLEBONNE&#038;t=m&#038;z=10&#038;output=embed&#038;iwloc=near\"\n\t\t\t\t\ttitle=\"27 Rue du Havre, 76170 LILLEBONNE\"\n\t\t\t\t\taria-label=\"27 Rue du Havre, 76170 LILLEBONNE\"\n\t\t\t><\/iframe>\n\t\t<\/div>\n\t\t\t\t\t\t<\/div>\n\t\t\t\t\t<\/div>\n\t\t\t\t<\/div>\n\t\t<div class=\"elementor-element elementor-element-1b766f2 e-flex e-con-boxed e-con e-parent\" data-id=\"1b766f2\" data-element_type=\"container\">\n\t\t\t\t\t<div class=\"e-con-inner\">\n\t\t\t\t<div class=\"elementor-element elementor-element-cb50953 elementor-widget elementor-widget-image\" data-id=\"cb50953\" data-element_type=\"widget\" data-widget_type=\"image.default\">\n\t\t\t\t\t\t\t\t\t\t\t\t\t\t\t<img loading=\"lazy\" decoding=\"async\" width=\"1247\" height=\"794\" src=\"https:\/\/scm-msp-lillebonne.fr\/wp-content\/uploads\/2026\/04\/Panorama-Parkings-Lillebonne-V2-1.png\" class=\"attachment-full size-full wp-image-882\" alt=\"\" srcset=\"https:\/\/scm-msp-lillebonne.fr\/wp-content\/uploads\/2026\/04\/Panorama-Parkings-Lillebonne-V2-1.png 1247w, https:\/\/scm-msp-lillebonne.fr\/wp-content\/uploads\/2026\/04\/Panorama-Parkings-Lillebonne-V2-1-300x191.png 300w, https:\/\/scm-msp-lillebonne.fr\/wp-content\/uploads\/2026\/04\/Panorama-Parkings-Lillebonne-V2-1-1024x652.png 1024w, https:\/\/scm-msp-lillebonne.fr\/wp-content\/uploads\/2026\/04\/Panorama-Parkings-Lillebonne-V2-1-768x489.png 768w\" sizes=\"(max-width: 1247px) 100vw, 1247px\" \/>\t\t\t\t\t\t\t\t\t\t\t\t\t\t\t<\/div>\n\t\t\t\t\t<\/div>\n\t\t\t\t<\/div>\n\t\t<div class=\"elementor-element elementor-element-260e6fb e-flex e-con-boxed e-con e-parent\" data-id=\"260e6fb\" data-element_type=\"container\">\n\t\t\t\t\t<div class=\"e-con-inner\">\n\t\t\t\t<div class=\"elementor-element elementor-element-eeeff4b elementor-widget elementor-widget-heading\" data-id=\"eeeff4b\" data-element_type=\"widget\" data-widget_type=\"heading.default\">\n\t\t\t\t\t<h2 class=\"elementor-heading-title elementor-size-default\">Les financeurs du projet<\/h2>\t\t\t\t<\/div>\n\t\t\t\t\t<\/div>\n\t\t\t\t<\/div>\n\t\t<div class=\"elementor-element elementor-element-ef46eb7 e-flex e-con-boxed e-con e-parent\" data-id=\"ef46eb7\" data-element_type=\"container\">\n\t\t\t\t\t<div class=\"e-con-inner\">\n\t\t\t\t<div class=\"elementor-element elementor-element-304780f elementor-widget elementor-widget-image\" data-id=\"304780f\" data-element_type=\"widget\" data-widget_type=\"image.default\">\n\t\t\t\t\t\t\t\t\t\t\t\t\t\t\t<img loading=\"lazy\" decoding=\"async\" width=\"800\" height=\"160\" src=\"https:\/\/scm-msp-lillebonne.fr\/wp-content\/uploads\/2025\/07\/logos-financeurs-.jpg\" class=\"attachment-large size-large wp-image-68\" alt=\"\" srcset=\"https:\/\/scm-msp-lillebonne.fr\/wp-content\/uploads\/2025\/07\/logos-financeurs-.jpg 1000w, https:\/\/scm-msp-lillebonne.fr\/wp-content\/uploads\/2025\/07\/logos-financeurs--300x60.jpg 300w, https:\/\/scm-msp-lillebonne.fr\/wp-content\/uploads\/2025\/07\/logos-financeurs--768x154.jpg 768w\" sizes=\"(max-width: 800px) 100vw, 800px\" \/>\t\t\t\t\t\t\t\t\t\t\t\t\t\t\t<\/div>\n\t\t\t\t<div class=\"elementor-element elementor-element-3160477 elementor-widget elementor-widget-image\" data-id=\"3160477\" data-element_type=\"widget\" data-widget_type=\"image.default\">\n\t\t\t\t\t\t\t\t\t\t\t\t\t\t\t<img loading=\"lazy\" decoding=\"async\" width=\"800\" height=\"160\" src=\"https:\/\/scm-msp-lillebonne.fr\/wp-content\/uploads\/2025\/07\/logos-financeurs-2.jpg\" class=\"attachment-large size-large wp-image-69\" alt=\"\" srcset=\"https:\/\/scm-msp-lillebonne.fr\/wp-content\/uploads\/2025\/07\/logos-financeurs-2.jpg 1000w, https:\/\/scm-msp-lillebonne.fr\/wp-content\/uploads\/2025\/07\/logos-financeurs-2-300x60.jpg 300w, https:\/\/scm-msp-lillebonne.fr\/wp-content\/uploads\/2025\/07\/logos-financeurs-2-768x154.jpg 768w\" sizes=\"(max-width: 800px) 100vw, 800px\" \/>\t\t\t\t\t\t\t\t\t\t\t\t\t\t\t<\/div>\n\t\t\t\t\t<\/div>\n\t\t\t\t<\/div>\n\t\t\t\t<\/div>\n\t\t","protected":false},"excerpt":{"rendered":"<p>Depuis le 1er OCTOBRE 2025, 27 professionnels de sant\u00e9 vous accueillent en entr\u00e9e de ville dans un espace compos\u00e9 de 28 cabinets m\u00e9dicaux et param\u00e9dicaux ainsi qu&#8217;une salle de t\u00e9l\u00e9m\u00e9decine. P\u00f4le M\u00e9dical 3 M\u00e9decins G\u00e9n\u00e9ralistes 1 Ophtalmologiste 2 Chirurgiens-Dentistes 1 Sage femme P\u00f4le Param\u00e9dical 1 Orthoptiste 1 Podologue-P\u00e9dicure 2 Psychomotriciennes 1 Orthophoniste 1 Nutritionniste-Di\u00e9t\u00e9ticienne 8 [&hellip;]<\/p>\n","protected":false},"author":1,"featured_media":0,"parent":0,"menu_order":0,"comment_status":"closed","ping_status":"closed","template":"","meta":{"footnotes":""},"class_list":["post-23","page","type-page","status-publish","hentry"],"_links":{"self":[{"href":"https:\/\/scm-msp-lillebonne.fr\/index.php?rest_route=\/wp\/v2\/pages\/23","targetHints":{"allow":["GET"]}}],"collection":[{"href":"https:\/\/scm-msp-lillebonne.fr\/index.php?rest_route=\/wp\/v2\/pages"}],"about":[{"href":"https:\/\/scm-msp-lillebonne.fr\/index.php?rest_route=\/wp\/v2\/types\/page"}],"author":[{"embeddable":true,"href":"https:\/\/scm-msp-lillebonne.fr\/index.php?rest_route=\/wp\/v2\/users\/1"}],"replies":[{"embeddable":true,"href":"https:\/\/scm-msp-lillebonne.fr\/index.php?rest_route=%2Fwp%2Fv2%2Fcomments&post=23"}],"version-history":[{"count":199,"href":"https:\/\/scm-msp-lillebonne.fr\/index.php?rest_route=\/wp\/v2\/pages\/23\/revisions"}],"predecessor-version":[{"id":885,"href":"https:\/\/scm-msp-lillebonne.fr\/index.php?rest_route=\/wp\/v2\/pages\/23\/revisions\/885"}],"wp:attachment":[{"href":"https:\/\/scm-msp-lillebonne.fr\/index.php?rest_route=%2Fwp%2Fv2%2Fmedia&parent=23"}],"curies":[{"name":"wp","href":"https:\/\/api.w.org\/{rel}","templated":true}]}}