{"id":11,"date":"2025-07-16T09:36:39","date_gmt":"2025-07-16T09:36:39","guid":{"rendered":"http:\/\/scm-msp-lillebonne.fr\/?page_id=11"},"modified":"2026-02-10T13:00:44","modified_gmt":"2026-02-10T13:00:44","slug":"medical","status":"publish","type":"page","link":"https:\/\/scm-msp-lillebonne.fr\/?page_id=11","title":{"rendered":"MEDICAL"},"content":{"rendered":"\t\t<div data-elementor-type=\"wp-page\" data-elementor-id=\"11\" class=\"elementor elementor-11\">\n\t\t\t\t<div class=\"elementor-element elementor-element-3324d91 e-flex e-con-boxed e-con e-parent\" data-id=\"3324d91\" data-element_type=\"container\">\n\t\t\t\t\t<div class=\"e-con-inner\">\n\t\t\t\t<div class=\"elementor-element elementor-element-25027b3 elementor-widget elementor-widget-image\" data-id=\"25027b3\" data-element_type=\"widget\" data-widget_type=\"image.default\">\n\t\t\t\t\t\t\t\t\t\t\t\t\t\t\t<img fetchpriority=\"high\" decoding=\"async\" width=\"648\" height=\"251\" src=\"https:\/\/scm-msp-lillebonne.fr\/wp-content\/uploads\/2025\/07\/rdvMedical.png\" class=\"attachment-large size-large wp-image-213\" alt=\"\" srcset=\"https:\/\/scm-msp-lillebonne.fr\/wp-content\/uploads\/2025\/07\/rdvMedical.png 648w, https:\/\/scm-msp-lillebonne.fr\/wp-content\/uploads\/2025\/07\/rdvMedical-300x116.png 300w\" sizes=\"(max-width: 648px) 100vw, 648px\" \/>\t\t\t\t\t\t\t\t\t\t\t\t\t\t\t<\/div>\n\t\t\t\t\t<\/div>\n\t\t\t\t<\/div>\n\t\t<div class=\"elementor-element elementor-element-d4b1840 e-flex e-con-boxed e-con e-parent\" data-id=\"d4b1840\" data-element_type=\"container\">\n\t\t\t\t\t<div class=\"e-con-inner\">\n\t\t\t\t<div class=\"elementor-element elementor-element-422374f elementor-widget elementor-widget-image\" data-id=\"422374f\" data-element_type=\"widget\" data-widget_type=\"image.default\">\n\t\t\t\t\t\t\t\t\t\t\t\t\t\t\t<img decoding=\"async\" width=\"60\" height=\"50\" src=\"https:\/\/scm-msp-lillebonne.fr\/wp-content\/uploads\/2025\/07\/icone-medecin.png\" class=\"attachment-large size-large wp-image-137\" alt=\"\" \/>\t\t\t\t\t\t\t\t\t\t\t\t\t\t\t<\/div>\n\t\t\t\t<div class=\"elementor-element elementor-element-e4b47e2 elementor-widget elementor-widget-heading\" data-id=\"e4b47e2\" data-element_type=\"widget\" data-widget_type=\"heading.default\">\n\t\t\t\t\t<h2 class=\"elementor-heading-title elementor-size-default\">M\u00e9decin-g\u00e9n\u00e9raliste<\/h2>\t\t\t\t<\/div>\n\t\t\t\t\t<\/div>\n\t\t\t\t<\/div>\n\t\t<div class=\"elementor-element elementor-element-8ab4009 e-flex e-con-boxed e-con e-parent\" data-id=\"8ab4009\" data-element_type=\"container\">\n\t\t\t\t\t<div class=\"e-con-inner\">\n\t\t<div class=\"elementor-element elementor-element-d83e858 e-con-full e-flex e-con e-child\" data-id=\"d83e858\" data-element_type=\"container\">\n\t\t\t\t<div class=\"elementor-element elementor-element-fd62768 elementor-widget__width-initial elementor-widget elementor-widget-image\" data-id=\"fd62768\" data-element_type=\"widget\" data-widget_type=\"image.default\">\n\t\t\t\t\t\t\t\t\t\t\t\t\t\t\t<img decoding=\"async\" width=\"200\" height=\"200\" src=\"https:\/\/scm-msp-lillebonne.fr\/wp-content\/uploads\/2025\/09\/Vignette-Pascal-Orenge.png\" class=\"attachment-2048x2048 size-2048x2048 wp-image-467\" alt=\"\" srcset=\"https:\/\/scm-msp-lillebonne.fr\/wp-content\/uploads\/2025\/09\/Vignette-Pascal-Orenge.png 200w, https:\/\/scm-msp-lillebonne.fr\/wp-content\/uploads\/2025\/09\/Vignette-Pascal-Orenge-150x150.png 150w\" sizes=\"(max-width: 200px) 100vw, 200px\" \/>\t\t\t\t\t\t\t\t\t\t\t\t\t\t\t<\/div>\n\t\t<div class=\"elementor-element elementor-element-4a435f2 e-con-full e-flex e-con e-child\" data-id=\"4a435f2\" data-element_type=\"container\">\n\t\t\t\t<div class=\"elementor-element elementor-element-9914a52 elementor-widget elementor-widget-heading\" data-id=\"9914a52\" data-element_type=\"widget\" data-widget_type=\"heading.default\">\n\t\t\t\t\t<h2 class=\"elementor-heading-title elementor-size-default\"> DR. ORENGE Pascal<\/h2>\t\t\t\t<\/div>\n\t\t\t\t<div class=\"elementor-element elementor-element-be33a11 elementor-widget elementor-widget-text-editor\" data-id=\"be33a11\" data-element_type=\"widget\" data-widget_type=\"text-editor.default\">\n\t\t\t\t\t\t\t\t\t<h4><strong>N\u00b0007 &#8211; rdc<\/strong><\/h4>\t\t\t\t\t\t\t\t<\/div>\n\t\t\t\t<div class=\"elementor-element elementor-element-63f0afd elementor-widget elementor-widget-text-editor\" data-id=\"63f0afd\" data-element_type=\"widget\" data-widget_type=\"text-editor.default\">\n\t\t\t\t\t\t\t\t\t<p><strong style=\"font-size: 1rem;\">T\u00e9l : 02.35.38.04.22<\/strong><\/p>\t\t\t\t\t\t\t\t<\/div>\n\t\t\t\t<\/div>\n\t\t\t\t<\/div>\n\t\t\t\t\t<\/div>\n\t\t\t\t<\/div>\n\t\t<div class=\"elementor-element elementor-element-24b8a3e e-flex e-con-boxed e-con e-parent\" data-id=\"24b8a3e\" data-element_type=\"container\">\n\t\t\t\t\t<div class=\"e-con-inner\">\n\t\t<div class=\"elementor-element elementor-element-27219d1 e-con-full e-flex e-con e-child\" data-id=\"27219d1\" data-element_type=\"container\">\n\t\t\t\t<div class=\"elementor-element elementor-element-3291bc6 elementor-widget__width-initial elementor-widget elementor-widget-image\" data-id=\"3291bc6\" data-element_type=\"widget\" data-widget_type=\"image.default\">\n\t\t\t\t\t\t\t\t\t\t\t\t\t\t\t<img loading=\"lazy\" decoding=\"async\" width=\"200\" height=\"200\" src=\"https:\/\/scm-msp-lillebonne.fr\/wp-content\/uploads\/2025\/07\/Vignette-Medical2.png\" class=\"attachment-2048x2048 size-2048x2048 wp-image-249\" alt=\"\" srcset=\"https:\/\/scm-msp-lillebonne.fr\/wp-content\/uploads\/2025\/07\/Vignette-Medical2.png 200w, https:\/\/scm-msp-lillebonne.fr\/wp-content\/uploads\/2025\/07\/Vignette-Medical2-150x150.png 150w\" sizes=\"(max-width: 200px) 100vw, 200px\" \/>\t\t\t\t\t\t\t\t\t\t\t\t\t\t\t<\/div>\n\t\t<div class=\"elementor-element elementor-element-3bf0a25 e-con-full e-flex e-con e-child\" data-id=\"3bf0a25\" data-element_type=\"container\">\n\t\t\t\t<div class=\"elementor-element elementor-element-2207e45 elementor-widget elementor-widget-heading\" data-id=\"2207e45\" data-element_type=\"widget\" data-widget_type=\"heading.default\">\n\t\t\t\t\t<h2 class=\"elementor-heading-title elementor-size-default\">DR. Roux Michael<\/h2>\t\t\t\t<\/div>\n\t\t\t\t<div class=\"elementor-element elementor-element-9c2c3f0 elementor-widget elementor-widget-text-editor\" data-id=\"9c2c3f0\" data-element_type=\"widget\" data-widget_type=\"text-editor.default\">\n\t\t\t\t\t\t\t\t\t<h4><strong>N\u00b0009 &#8211; rdc<\/strong><\/h4>\t\t\t\t\t\t\t\t<\/div>\n\t\t\t\t<div class=\"elementor-element elementor-element-1d75134 elementor-widget elementor-widget-text-editor\" data-id=\"1d75134\" data-element_type=\"widget\" data-widget_type=\"text-editor.default\">\n\t\t\t\t\t\t\t\t\t<p><strong style=\"font-size: 1rem;\">T\u00e9l : 02.35.19.95.19<\/strong><\/p>\t\t\t\t\t\t\t\t<\/div>\n\t\t\t\t<\/div>\n\t\t\t\t<\/div>\n\t\t\t\t\t<\/div>\n\t\t\t\t<\/div>\n\t\t<div class=\"elementor-element elementor-element-9c0cacc e-flex e-con-boxed e-con e-parent\" data-id=\"9c0cacc\" data-element_type=\"container\">\n\t\t\t\t\t<div class=\"e-con-inner\">\n\t\t<div class=\"elementor-element elementor-element-0085225 e-con-full e-flex e-con e-child\" data-id=\"0085225\" data-element_type=\"container\">\n\t\t\t\t<div class=\"elementor-element elementor-element-87ee143 elementor-widget__width-initial elementor-widget elementor-widget-image\" data-id=\"87ee143\" data-element_type=\"widget\" data-widget_type=\"image.default\">\n\t\t\t\t\t\t\t\t\t\t\t\t\t\t\t<img loading=\"lazy\" decoding=\"async\" width=\"200\" height=\"200\" src=\"https:\/\/scm-msp-lillebonne.fr\/wp-content\/uploads\/2026\/01\/Vignette-Pauline-Bizien.png\" class=\"attachment-2048x2048 size-2048x2048 wp-image-808\" alt=\"\" srcset=\"https:\/\/scm-msp-lillebonne.fr\/wp-content\/uploads\/2026\/01\/Vignette-Pauline-Bizien.png 200w, https:\/\/scm-msp-lillebonne.fr\/wp-content\/uploads\/2026\/01\/Vignette-Pauline-Bizien-150x150.png 150w\" sizes=\"(max-width: 200px) 100vw, 200px\" \/>\t\t\t\t\t\t\t\t\t\t\t\t\t\t\t<\/div>\n\t\t<div class=\"elementor-element elementor-element-40cc6b8 e-con-full e-flex e-con e-child\" data-id=\"40cc6b8\" data-element_type=\"container\">\n\t\t\t\t<div class=\"elementor-element elementor-element-392095f elementor-widget elementor-widget-heading\" data-id=\"392095f\" data-element_type=\"widget\" data-widget_type=\"heading.default\">\n\t\t\t\t\t<h2 class=\"elementor-heading-title elementor-size-default\">Bizien Pauline<\/h2>\t\t\t\t<\/div>\n\t\t\t\t<div class=\"elementor-element elementor-element-d767655 elementor-widget elementor-widget-text-editor\" data-id=\"d767655\" data-element_type=\"widget\" data-widget_type=\"text-editor.default\">\n\t\t\t\t\t\t\t\t\t<h4><strong>N\u00b0010 &#8211; rdc<\/strong><\/h4>\t\t\t\t\t\t\t\t<\/div>\n\t\t\t\t<div class=\"elementor-element elementor-element-887f68c elementor-widget elementor-widget-text-editor\" data-id=\"887f68c\" data-element_type=\"widget\" data-widget_type=\"text-editor.default\">\n\t\t\t\t\t\t\t\t\t<p><strong>T\u00e9l : 02.35.19.95.19<\/strong><\/p>\t\t\t\t\t\t\t\t<\/div>\n\t\t\t\t<\/div>\n\t\t\t\t<\/div>\n\t\t\t\t\t<\/div>\n\t\t\t\t<\/div>\n\t\t<div class=\"elementor-element elementor-element-b6d9519 e-flex e-con-boxed e-con e-parent\" data-id=\"b6d9519\" data-element_type=\"container\">\n\t\t\t\t\t<div class=\"e-con-inner\">\n\t\t\t\t<div class=\"elementor-element elementor-element-ade0827 elementor-widget elementor-widget-image\" data-id=\"ade0827\" data-element_type=\"widget\" data-widget_type=\"image.default\">\n\t\t\t\t\t\t\t\t\t\t\t\t\t\t\t<img loading=\"lazy\" decoding=\"async\" width=\"58\" height=\"50\" src=\"https:\/\/scm-msp-lillebonne.fr\/wp-content\/uploads\/2025\/07\/icone-ophtalmo.png\" class=\"attachment-large size-large wp-image-150\" alt=\"\" \/>\t\t\t\t\t\t\t\t\t\t\t\t\t\t\t<\/div>\n\t\t\t\t<div class=\"elementor-element elementor-element-c5f8a57 elementor-widget elementor-widget-heading\" data-id=\"c5f8a57\" data-element_type=\"widget\" data-widget_type=\"heading.default\">\n\t\t\t\t\t<h2 class=\"elementor-heading-title elementor-size-default\">Ophtalmologiste<\/h2>\t\t\t\t<\/div>\n\t\t\t\t\t<\/div>\n\t\t\t\t<\/div>\n\t\t<div class=\"elementor-element elementor-element-b107735 e-flex e-con-boxed e-con e-parent\" data-id=\"b107735\" data-element_type=\"container\">\n\t\t\t\t\t<div class=\"e-con-inner\">\n\t\t<div class=\"elementor-element elementor-element-86dd59f e-con-full e-flex e-con e-child\" data-id=\"86dd59f\" data-element_type=\"container\">\n\t\t\t\t<div class=\"elementor-element elementor-element-e9f80ee elementor-widget__width-initial elementor-widget elementor-widget-image\" data-id=\"e9f80ee\" data-element_type=\"widget\" data-widget_type=\"image.default\">\n\t\t\t\t\t\t\t\t\t\t\t\t\t\t\t<img loading=\"lazy\" decoding=\"async\" width=\"200\" height=\"200\" src=\"https:\/\/scm-msp-lillebonne.fr\/wp-content\/uploads\/2025\/07\/Vignette-Osteo4.png\" class=\"attachment-2048x2048 size-2048x2048 wp-image-245\" alt=\"\" srcset=\"https:\/\/scm-msp-lillebonne.fr\/wp-content\/uploads\/2025\/07\/Vignette-Osteo4.png 200w, https:\/\/scm-msp-lillebonne.fr\/wp-content\/uploads\/2025\/07\/Vignette-Osteo4-150x150.png 150w\" sizes=\"(max-width: 200px) 100vw, 200px\" \/>\t\t\t\t\t\t\t\t\t\t\t\t\t\t\t<\/div>\n\t\t<div class=\"elementor-element elementor-element-68927b5 e-con-full e-flex e-con e-child\" data-id=\"68927b5\" data-element_type=\"container\">\n\t\t\t\t<div class=\"elementor-element elementor-element-07149f4 elementor-widget elementor-widget-heading\" data-id=\"07149f4\" data-element_type=\"widget\" data-widget_type=\"heading.default\">\n\t\t\t\t\t<h2 class=\"elementor-heading-title elementor-size-default\">DR. SALESSY Philippe<\/h2>\t\t\t\t<\/div>\n\t\t\t\t<div class=\"elementor-element elementor-element-ebe2762 elementor-widget elementor-widget-text-editor\" data-id=\"ebe2762\" data-element_type=\"widget\" data-widget_type=\"text-editor.default\">\n\t\t\t\t\t\t\t\t\t<h4><strong>N\u00b0013 &#8211; rdc\u00a0<\/strong><\/h4>\t\t\t\t\t\t\t\t<\/div>\n\t\t\t\t<div class=\"elementor-element elementor-element-68ace64 elementor-widget elementor-widget-text-editor\" data-id=\"68ace64\" data-element_type=\"widget\" data-widget_type=\"text-editor.default\">\n\t\t\t\t\t\t\t\t\t<p><strong>T\u00e9l : 02.32.79.53.44<\/strong><\/p>\t\t\t\t\t\t\t\t<\/div>\n\t\t\t\t<\/div>\n\t\t\t\t<\/div>\n\t\t\t\t\t<\/div>\n\t\t\t\t<\/div>\n\t\t<div class=\"elementor-element elementor-element-bdbb897 e-flex e-con-boxed e-con e-parent\" data-id=\"bdbb897\" data-element_type=\"container\">\n\t\t\t\t\t<div class=\"e-con-inner\">\n\t\t\t\t<div class=\"elementor-element elementor-element-166b22c elementor-widget elementor-widget-image\" data-id=\"166b22c\" data-element_type=\"widget\" data-widget_type=\"image.default\">\n\t\t\t\t\t\t\t\t\t\t\t\t\t\t\t<img loading=\"lazy\" decoding=\"async\" width=\"48\" height=\"56\" src=\"https:\/\/scm-msp-lillebonne.fr\/wp-content\/uploads\/2025\/07\/icone-sage-femme.png\" class=\"attachment-large size-large wp-image-158\" alt=\"\" \/>\t\t\t\t\t\t\t\t\t\t\t\t\t\t\t<\/div>\n\t\t\t\t<div class=\"elementor-element elementor-element-0b4c1bd elementor-widget elementor-widget-heading\" data-id=\"0b4c1bd\" data-element_type=\"widget\" data-widget_type=\"heading.default\">\n\t\t\t\t\t<h2 class=\"elementor-heading-title elementor-size-default\">Sage-femme<\/h2>\t\t\t\t<\/div>\n\t\t\t\t\t<\/div>\n\t\t\t\t<\/div>\n\t\t<div class=\"elementor-element elementor-element-fdc7aff e-flex e-con-boxed e-con e-parent\" data-id=\"fdc7aff\" data-element_type=\"container\">\n\t\t\t\t\t<div class=\"e-con-inner\">\n\t\t<div class=\"elementor-element elementor-element-a480840 e-con-full e-flex e-con e-child\" data-id=\"a480840\" data-element_type=\"container\">\n\t\t\t\t<div class=\"elementor-element elementor-element-3f6f836 elementor-widget__width-initial elementor-widget elementor-widget-image\" data-id=\"3f6f836\" data-element_type=\"widget\" data-widget_type=\"image.default\">\n\t\t\t\t\t\t\t\t\t\t\t\t\t\t\t<img loading=\"lazy\" decoding=\"async\" width=\"200\" height=\"200\" src=\"https:\/\/scm-msp-lillebonne.fr\/wp-content\/uploads\/2025\/09\/Vignette-Nathalie-Macian.png\" class=\"attachment-2048x2048 size-2048x2048 wp-image-502\" alt=\"\" srcset=\"https:\/\/scm-msp-lillebonne.fr\/wp-content\/uploads\/2025\/09\/Vignette-Nathalie-Macian.png 200w, https:\/\/scm-msp-lillebonne.fr\/wp-content\/uploads\/2025\/09\/Vignette-Nathalie-Macian-150x150.png 150w\" sizes=\"(max-width: 200px) 100vw, 200px\" \/>\t\t\t\t\t\t\t\t\t\t\t\t\t\t\t<\/div>\n\t\t<div class=\"elementor-element elementor-element-54ccc67 e-con-full e-flex e-con e-child\" data-id=\"54ccc67\" data-element_type=\"container\">\n\t\t\t\t<div class=\"elementor-element elementor-element-464eb27 elementor-widget elementor-widget-heading\" data-id=\"464eb27\" data-element_type=\"widget\" data-widget_type=\"heading.default\">\n\t\t\t\t\t<h2 class=\"elementor-heading-title elementor-size-default\">MACIAN Nathalie<\/h2>\t\t\t\t<\/div>\n\t\t\t\t<div class=\"elementor-element elementor-element-b2c9678 elementor-widget elementor-widget-text-editor\" data-id=\"b2c9678\" data-element_type=\"widget\" data-widget_type=\"text-editor.default\">\n\t\t\t\t\t\t\t\t\t<h4><strong>N\u00b0107 &#8211; 1er \u00e9tage<\/strong><\/h4>\t\t\t\t\t\t\t\t<\/div>\n\t\t\t\t<div class=\"elementor-element elementor-element-c78703f elementor-widget elementor-widget-text-editor\" data-id=\"c78703f\" data-element_type=\"widget\" data-widget_type=\"text-editor.default\">\n\t\t\t\t\t\t\t\t\t<p><strong>Prenez rdv au :<\/strong><\/p><p><strong>T\u00e9l : 06.16.18.25.08<\/strong><\/p>\t\t\t\t\t\t\t\t<\/div>\n\t\t\t\t<div class=\"elementor-element elementor-element-89c1641 elementor-widget__width-initial elementor-widget elementor-widget-text-editor\" data-id=\"89c1641\" data-element_type=\"widget\" data-widget_type=\"text-editor.default\">\n\t\t\t\t\t\t\t\t\t<ul><li><strong>Consultations pr\u00e9 et post-natales<\/strong><\/li><li><strong>entretiens pr\u00e9 et post-nataux<\/strong><\/li><li><strong>pr\u00e9paration \u00e0 la naissance (classique, piscine, sophrologie, chant pr\u00e9natal)<\/strong><\/li><li><strong>domiciles (monitoring, sortie de maternit\u00e9, prado)<\/strong><\/li><li><strong>r\u00e9\u00e9ducation p\u00e9rin\u00e9ale (maternit\u00e9 et gyn\u00e9cologique)<\/strong><\/li><li><strong>accompagnement \u00e0 l\u2019allaitement<\/strong><\/li><li><strong>consultations gyn\u00e9cologiques (pubert\u00e9 \u00e0 la m\u00e9nopause)<\/strong><\/li><li><strong>1<sup>er<\/sup> entretien pour IVG.<\/strong><\/li><\/ul>\t\t\t\t\t\t\t\t<\/div>\n\t\t\t\t<\/div>\n\t\t\t\t<\/div>\n\t\t\t\t\t<\/div>\n\t\t\t\t<\/div>\n\t\t<div class=\"elementor-element elementor-element-7606d16 e-flex e-con-boxed e-con e-parent\" data-id=\"7606d16\" data-element_type=\"container\">\n\t\t\t\t\t<div class=\"e-con-inner\">\n\t\t\t\t<div class=\"elementor-element elementor-element-08fb6de elementor-widget elementor-widget-image\" data-id=\"08fb6de\" data-element_type=\"widget\" data-widget_type=\"image.default\">\n\t\t\t\t\t\t\t\t\t\t\t\t\t\t\t<img loading=\"lazy\" decoding=\"async\" width=\"58\" height=\"56\" src=\"https:\/\/scm-msp-lillebonne.fr\/wp-content\/uploads\/2025\/07\/icone-dentiste.png\" class=\"attachment-large size-large wp-image-154\" alt=\"\" \/>\t\t\t\t\t\t\t\t\t\t\t\t\t\t\t<\/div>\n\t\t\t\t<div class=\"elementor-element elementor-element-54eb5a4 elementor-widget elementor-widget-heading\" data-id=\"54eb5a4\" data-element_type=\"widget\" data-widget_type=\"heading.default\">\n\t\t\t\t\t<h2 class=\"elementor-heading-title elementor-size-default\">Chirurgien-Dentiste<\/h2>\t\t\t\t<\/div>\n\t\t\t\t\t<\/div>\n\t\t\t\t<\/div>\n\t\t<div class=\"elementor-element elementor-element-63a0fa2 e-flex e-con-boxed e-con e-parent\" data-id=\"63a0fa2\" data-element_type=\"container\">\n\t\t\t\t\t<div class=\"e-con-inner\">\n\t\t<div class=\"elementor-element elementor-element-e961e1a e-con-full e-flex e-con e-child\" data-id=\"e961e1a\" data-element_type=\"container\">\n\t\t\t\t<div class=\"elementor-element elementor-element-caa85ee elementor-widget__width-initial e-transform elementor-widget elementor-widget-image\" data-id=\"caa85ee\" data-element_type=\"widget\" data-settings=\"{&quot;_transform_scale_effect&quot;:{&quot;unit&quot;:&quot;px&quot;,&quot;size&quot;:2,&quot;sizes&quot;:[]},&quot;_transform_scale_effect_tablet&quot;:{&quot;unit&quot;:&quot;px&quot;,&quot;size&quot;:&quot;&quot;,&quot;sizes&quot;:[]},&quot;_transform_scale_effect_mobile&quot;:{&quot;unit&quot;:&quot;px&quot;,&quot;size&quot;:&quot;&quot;,&quot;sizes&quot;:[]}}\" data-widget_type=\"image.default\">\n\t\t\t\t\t\t\t\t\t\t\t\t\t\t\t<img loading=\"lazy\" decoding=\"async\" width=\"400\" height=\"400\" src=\"https:\/\/scm-msp-lillebonne.fr\/wp-content\/uploads\/2025\/10\/Vignette-Nathalie-et-Angele-2.png\" class=\"attachment-large size-large wp-image-771\" alt=\"\" srcset=\"https:\/\/scm-msp-lillebonne.fr\/wp-content\/uploads\/2025\/10\/Vignette-Nathalie-et-Angele-2.png 400w, https:\/\/scm-msp-lillebonne.fr\/wp-content\/uploads\/2025\/10\/Vignette-Nathalie-et-Angele-2-300x300.png 300w, https:\/\/scm-msp-lillebonne.fr\/wp-content\/uploads\/2025\/10\/Vignette-Nathalie-et-Angele-2-150x150.png 150w\" sizes=\"(max-width: 400px) 100vw, 400px\" \/>\t\t\t\t\t\t\t\t\t\t\t\t\t\t\t<\/div>\n\t\t<div class=\"elementor-element elementor-element-3b88c4c e-con-full e-flex e-con e-child\" data-id=\"3b88c4c\" data-element_type=\"container\">\n\t\t\t\t<div class=\"elementor-element elementor-element-7d8b0b6 elementor-widget elementor-widget-heading\" data-id=\"7d8b0b6\" data-element_type=\"widget\" data-widget_type=\"heading.default\">\n\t\t\t\t\t<h2 class=\"elementor-heading-title elementor-size-default\">DR. RABAEY Nathalie et son assistante Mme NOEL Ang\u00e8le<\/h2>\t\t\t\t<\/div>\n\t\t\t\t<div class=\"elementor-element elementor-element-e02eaf1 elementor-widget elementor-widget-text-editor\" data-id=\"e02eaf1\" data-element_type=\"widget\" data-widget_type=\"text-editor.default\">\n\t\t\t\t\t\t\t\t\t<h4><strong>N\u00b0111 &amp; 112 &#8211; 1er \u00e9tage<\/strong><\/h4>\t\t\t\t\t\t\t\t<\/div>\n\t\t\t\t<div class=\"elementor-element elementor-element-d88eb7d elementor-widget elementor-widget-text-editor\" data-id=\"d88eb7d\" data-element_type=\"widget\" data-widget_type=\"text-editor.default\">\n\t\t\t\t\t\t\t\t\t<div dir=\"auto\"><strong>Omnipraticien\u00a0<\/strong><\/div><div dir=\"auto\"><strong>Soins, proth\u00e8ses, prophylaxie, parodontologie, orthodontie, occlusodontie, esth\u00e9tique<\/strong><\/div><div dir=\"auto\">\u00a0<\/div><div dir=\"auto\"><strong>Secr\u00e9tariat t\u00e9l\u00e9phonique ouvert :<\/strong><\/div><div dir=\"auto\"><strong>Lundi, Mardi, Vendredi de 9h \u00e0 12h et de 14h \u00e0 15h<\/strong><\/div><div dir=\"auto\"><strong>Jeudi de 9h \u00e0 12h<\/strong><\/div><p><strong>T\u00e9l : 06.73.76.76.24<\/strong><\/p><p><strong>Email : cabinetdentaire.dr.rabaey@laposte.net<\/strong><\/p>\t\t\t\t\t\t\t\t<\/div>\n\t\t\t\t<\/div>\n\t\t\t\t<\/div>\n\t\t\t\t\t<\/div>\n\t\t\t\t<\/div>\n\t\t<div class=\"elementor-element elementor-element-adbc2c0 e-flex e-con-boxed e-con e-parent\" data-id=\"adbc2c0\" data-element_type=\"container\">\n\t\t\t\t\t<div class=\"e-con-inner\">\n\t\t<div class=\"elementor-element elementor-element-307334d e-con-full e-flex e-con e-child\" data-id=\"307334d\" data-element_type=\"container\">\n\t\t\t\t<div class=\"elementor-element elementor-element-7cdf6b4 elementor-widget__width-initial elementor-widget elementor-widget-image\" data-id=\"7cdf6b4\" data-element_type=\"widget\" data-widget_type=\"image.default\">\n\t\t\t\t\t\t\t\t\t\t\t\t\t\t\t<img loading=\"lazy\" decoding=\"async\" width=\"200\" height=\"200\" src=\"https:\/\/scm-msp-lillebonne.fr\/wp-content\/uploads\/2025\/09\/Vignette-Gaultier-Marechal.png\" class=\"attachment-2048x2048 size-2048x2048 wp-image-512\" alt=\"\" srcset=\"https:\/\/scm-msp-lillebonne.fr\/wp-content\/uploads\/2025\/09\/Vignette-Gaultier-Marechal.png 200w, https:\/\/scm-msp-lillebonne.fr\/wp-content\/uploads\/2025\/09\/Vignette-Gaultier-Marechal-150x150.png 150w\" sizes=\"(max-width: 200px) 100vw, 200px\" \/>\t\t\t\t\t\t\t\t\t\t\t\t\t\t\t<\/div>\n\t\t<div class=\"elementor-element elementor-element-db40bed e-con-full e-flex e-con e-child\" data-id=\"db40bed\" data-element_type=\"container\">\n\t\t\t\t<div class=\"elementor-element elementor-element-f524abf elementor-widget elementor-widget-heading\" data-id=\"f524abf\" data-element_type=\"widget\" data-widget_type=\"heading.default\">\n\t\t\t\t\t<h2 class=\"elementor-heading-title elementor-size-default\">DR. MARECHAL Gaultier<\/h2>\t\t\t\t<\/div>\n\t\t\t\t<div class=\"elementor-element elementor-element-c46c92f elementor-widget elementor-widget-text-editor\" data-id=\"c46c92f\" data-element_type=\"widget\" data-widget_type=\"text-editor.default\">\n\t\t\t\t\t\t\t\t\t<h4><strong>N\u00b0113 &amp; 114 &#8211; 1er \u00e9tage<\/strong><\/h4>\t\t\t\t\t\t\t\t<\/div>\n\t\t\t\t<div class=\"elementor-element elementor-element-c9a1123 elementor-widget elementor-widget-text-editor\" data-id=\"c9a1123\" data-element_type=\"widget\" data-widget_type=\"text-editor.default\">\n\t\t\t\t\t\t\t\t\t<p><strong>T\u00e9l : 07.75.76.52.38<\/strong><\/p>\t\t\t\t\t\t\t\t<\/div>\n\t\t\t\t<\/div>\n\t\t\t\t<\/div>\n\t\t\t\t\t<\/div>\n\t\t\t\t<\/div>\n\t\t<div class=\"elementor-element elementor-element-1165643 e-flex e-con-boxed e-con e-parent\" data-id=\"1165643\" data-element_type=\"container\">\n\t\t\t\t\t<div class=\"e-con-inner\">\n\t\t\t\t\t<\/div>\n\t\t\t\t<\/div>\n\t\t\t\t<\/div>\n\t\t","protected":false},"excerpt":{"rendered":"<p>M\u00e9decin-g\u00e9n\u00e9raliste DR. ORENGE Pascal N\u00b0007 &#8211; rdc T\u00e9l : 02.35.38.04.22 DR. Roux Michael N\u00b0009 &#8211; rdc T\u00e9l : 02.35.19.95.19 Bizien Pauline N\u00b0010 &#8211; rdc T\u00e9l : 02.35.19.95.19 Ophtalmologiste DR. SALESSY Philippe N\u00b0013 &#8211; rdc\u00a0 T\u00e9l : 02.32.79.53.44 Sage-femme MACIAN Nathalie N\u00b0107 &#8211; 1er \u00e9tage Prenez rdv au : T\u00e9l : 06.16.18.25.08 Consultations pr\u00e9 et post-natales [&hellip;]<\/p>\n","protected":false},"author":1,"featured_media":0,"parent":0,"menu_order":0,"comment_status":"closed","ping_status":"closed","template":"","meta":{"footnotes":""},"class_list":["post-11","page","type-page","status-publish","hentry"],"_links":{"self":[{"href":"https:\/\/scm-msp-lillebonne.fr\/index.php?rest_route=\/wp\/v2\/pages\/11","targetHints":{"allow":["GET"]}}],"collection":[{"href":"https:\/\/scm-msp-lillebonne.fr\/index.php?rest_route=\/wp\/v2\/pages"}],"about":[{"href":"https:\/\/scm-msp-lillebonne.fr\/index.php?rest_route=\/wp\/v2\/types\/page"}],"author":[{"embeddable":true,"href":"https:\/\/scm-msp-lillebonne.fr\/index.php?rest_route=\/wp\/v2\/users\/1"}],"replies":[{"embeddable":true,"href":"https:\/\/scm-msp-lillebonne.fr\/index.php?rest_route=%2Fwp%2Fv2%2Fcomments&post=11"}],"version-history":[{"count":160,"href":"https:\/\/scm-msp-lillebonne.fr\/index.php?rest_route=\/wp\/v2\/pages\/11\/revisions"}],"predecessor-version":[{"id":840,"href":"https:\/\/scm-msp-lillebonne.fr\/index.php?rest_route=\/wp\/v2\/pages\/11\/revisions\/840"}],"wp:attachment":[{"href":"https:\/\/scm-msp-lillebonne.fr\/index.php?rest_route=%2Fwp%2Fv2%2Fmedia&parent=11"}],"curies":[{"name":"wp","href":"https:\/\/api.w.org\/{rel}","templated":true}]}}